{"id":3167,"date":"2013-12-06T19:21:44","date_gmt":"2013-12-06T19:21:44","guid":{"rendered":"http:\/\/www.locationgamma.com\/?page_id=3167"},"modified":"2024-03-01T16:20:18","modified_gmt":"2024-03-01T21:20:18","slug":"us-fr","status":"publish","type":"page","link":"https:\/\/www.locationgamma.com\/fr\/us-fr\/","title":{"rendered":"\u00c0 Propos"},"content":{"rendered":"<p>Fond\u00e9e en 1983, Location d\u2019outils Gamma est au service d\u2019une client\u00e8le vari\u00e9e, notamment plusieurs compagnies de construction commerciale et r\u00e9sidentielle de m\u00eame que les compagnies industrielles, centres de r\u00e9unions, municipalit\u00e9s et propri\u00e9taires. La plupart de nos clients travaillent dans plusieurs march\u00e9s sur lesquels nous offrons des services et ces clients nous sont rest\u00e9s fid\u00e8les depuis plus de dix ans. Nous avons consolid\u00e9 les liens avec nos plus anciens clients, en m\u00eame temps que nous accueillons et nous entretenons de bonnes relations avec les nouveaux.<\/p>\n<p>Location d\u2019Outils Gamma poss\u00e8de des milliers de pi\u00e8ces d\u2019\u00e9quipement diff\u00e9rentes allant d&rsquo;un \u00e9quipement \u00e0 longue port\u00e9e jusqu\u2019\u00e0 l\u2019\u00e9quipement lourd, l\u2019\u00e9quipement pour le gazon et le jardin et des outils \u00e0 main. Nous nous sp\u00e9cialisons dans la location et la vente d\u2019\u00e9quipement et nous fournissons une vaste s\u00e9lection de pi\u00e8ces et de services d\u2019\u00e9quipement. Nos services et produits correspondent aux besoins des constructeurs professionnels et de n\u2019importe quel propri\u00e9taire.<\/p>\n<p>Nous essayons de maintenir \u00e0 jour notre flotte pour assurer que tous nos clients auront un \u00e9quipement de haute qualit\u00e9 et bien entretenu. Louer chez Gamma vous permet de profiter de tous les avantages sur un \u00e9quipement de haute qualit\u00e9 \u00e0 des prix comp\u00e9titifs.<\/p>\n<p>Quelle est notre philosophie? Elle est simple: \u00eatre les meilleurs dans tout ce que nous faisons.<\/p>\n<p>Cette philosophie ne se refl\u00e8te pas seulement dans le professionnalisme et l\u2019exp\u00e9rience de notre personnel, mais aussi dans la vaste gamme de produits disponibles pour la location en tout temps. Nous sommes fiers de c\u00e9l\u00e9brer nos 40 ann\u00e9es sur le march\u00e9. Notre personnel professionnel peut vous aider \u00e0 bien choisir l\u2019\u00e9quipement le mieux adapt\u00e9 \u00e0 vos besoins. \u00c7a sera bien fait!<\/p>\n","protected":false},"excerpt":{"rendered":"<p>Fond\u00e9e en 1983, Location d\u2019outils Gamma est au service d\u2019une client\u00e8le vari\u00e9e, notamment plusieurs compagnies de construction commerciale <a class=\"moretag\" href=\"https:\/\/www.locationgamma.com\/fr\/us-fr\/\">Read More<\/a><\/p>\n","protected":false},"author":2,"featured_media":3402,"parent":0,"menu_order":0,"comment_status":"open","ping_status":"open","template":"page-about.php","meta":{"_mi_skip_tracking":false},"acf":[],"yoast_head":"<!-- This site is optimized with the Yoast SEO plugin v19.9 - https:\/\/yoast.com\/wordpress\/plugins\/seo\/ -->\n<title>\u00c0 Propos - Gamma<\/title>\n<meta name=\"robots\" content=\"index, follow, max-snippet:-1, max-image-preview:large, max-video-preview:-1\" \/>\n<link rel=\"canonical\" href=\"https:\/\/www.locationgamma.com\/fr\/us-fr\/\" \/>\n<meta property=\"og:locale\" content=\"fr_FR\" \/>\n<meta property=\"og:type\" content=\"article\" \/>\n<meta property=\"og:title\" content=\"\u00c0 Propos - Gamma\" \/>\n<meta property=\"og:description\" content=\"Fond\u00e9e en 1983, Location d\u2019outils Gamma est au service d\u2019une client\u00e8le vari\u00e9e, notamment plusieurs compagnies de construction commerciale Read More\" \/>\n<meta property=\"og:url\" content=\"https:\/\/www.locationgamma.com\/fr\/us-fr\/\" \/>\n<meta property=\"og:site_name\" content=\"Gamma\" \/>\n<meta property=\"article:modified_time\" content=\"2024-03-01T21:20:18+00:00\" \/>\n<meta property=\"og:image\" content=\"https:\/\/www.locationgamma.com\/wp-content\/uploads\/2013\/12\/about.jpg\" \/>\n\t<meta property=\"og:image:width\" content=\"418\" \/>\n\t<meta property=\"og:image:height\" content=\"410\" \/>\n\t<meta property=\"og:image:type\" content=\"image\/jpeg\" \/>\n<meta name=\"twitter:label1\" content=\"Dur\u00e9e de lecture estim\u00e9e\" \/>\n\t<meta name=\"twitter:data1\" content=\"2 minutes\" \/>\n<script type=\"application\/ld+json\" class=\"yoast-schema-graph\">{\"@context\":\"https:\/\/schema.org\",\"@graph\":[{\"@type\":\"WebPage\",\"@id\":\"https:\/\/www.locationgamma.com\/fr\/us-fr\/\",\"url\":\"https:\/\/www.locationgamma.com\/fr\/us-fr\/\",\"name\":\"\u00c0 Propos - Gamma\",\"isPartOf\":{\"@id\":\"https:\/\/www.locationgamma.com\/#website\"},\"datePublished\":\"2013-12-06T19:21:44+00:00\",\"dateModified\":\"2024-03-01T21:20:18+00:00\",\"breadcrumb\":{\"@id\":\"https:\/\/www.locationgamma.com\/fr\/us-fr\/#breadcrumb\"},\"inLanguage\":\"fr-FR\",\"potentialAction\":[{\"@type\":\"ReadAction\",\"target\":[\"https:\/\/www.locationgamma.com\/fr\/us-fr\/\"]}]},{\"@type\":\"BreadcrumbList\",\"@id\":\"https:\/\/www.locationgamma.com\/fr\/us-fr\/#breadcrumb\",\"itemListElement\":[{\"@type\":\"ListItem\",\"position\":1,\"name\":\"Home\",\"item\":\"https:\/\/www.locationgamma.com\/fr\/\"},{\"@type\":\"ListItem\",\"position\":2,\"name\":\"\u00c0 Propos\"}]},{\"@type\":\"WebSite\",\"@id\":\"https:\/\/www.locationgamma.com\/#website\",\"url\":\"https:\/\/www.locationgamma.com\/\",\"name\":\"Gamma\",\"description\":\"Montreal Equipment Rental \u2022 Location d&#039;\u00c9quipement Montr\u00e9al\",\"potentialAction\":[{\"@type\":\"SearchAction\",\"target\":{\"@type\":\"EntryPoint\",\"urlTemplate\":\"https:\/\/www.locationgamma.com\/?s={search_term_string}\"},\"query-input\":\"required name=search_term_string\"}],\"inLanguage\":\"fr-FR\"}]}<\/script>\n<!-- \/ Yoast SEO plugin. -->","yoast_head_json":{"title":"\u00c0 Propos - Gamma","robots":{"index":"index","follow":"follow","max-snippet":"max-snippet:-1","max-image-preview":"max-image-preview:large","max-video-preview":"max-video-preview:-1"},"canonical":"https:\/\/www.locationgamma.com\/fr\/us-fr\/","og_locale":"fr_FR","og_type":"article","og_title":"\u00c0 Propos - Gamma","og_description":"Fond\u00e9e en 1983, Location d\u2019outils Gamma est au service d\u2019une client\u00e8le vari\u00e9e, notamment plusieurs compagnies de construction commerciale Read More","og_url":"https:\/\/www.locationgamma.com\/fr\/us-fr\/","og_site_name":"Gamma","article_modified_time":"2024-03-01T21:20:18+00:00","og_image":[{"width":418,"height":410,"url":"https:\/\/www.locationgamma.com\/wp-content\/uploads\/2013\/12\/about.jpg","type":"image\/jpeg"}],"twitter_misc":{"Dur\u00e9e de lecture estim\u00e9e":"2 minutes"},"schema":{"@context":"https:\/\/schema.org","@graph":[{"@type":"WebPage","@id":"https:\/\/www.locationgamma.com\/fr\/us-fr\/","url":"https:\/\/www.locationgamma.com\/fr\/us-fr\/","name":"\u00c0 Propos - Gamma","isPartOf":{"@id":"https:\/\/www.locationgamma.com\/#website"},"datePublished":"2013-12-06T19:21:44+00:00","dateModified":"2024-03-01T21:20:18+00:00","breadcrumb":{"@id":"https:\/\/www.locationgamma.com\/fr\/us-fr\/#breadcrumb"},"inLanguage":"fr-FR","potentialAction":[{"@type":"ReadAction","target":["https:\/\/www.locationgamma.com\/fr\/us-fr\/"]}]},{"@type":"BreadcrumbList","@id":"https:\/\/www.locationgamma.com\/fr\/us-fr\/#breadcrumb","itemListElement":[{"@type":"ListItem","position":1,"name":"Home","item":"https:\/\/www.locationgamma.com\/fr\/"},{"@type":"ListItem","position":2,"name":"\u00c0 Propos"}]},{"@type":"WebSite","@id":"https:\/\/www.locationgamma.com\/#website","url":"https:\/\/www.locationgamma.com\/","name":"Gamma","description":"Montreal Equipment Rental \u2022 Location d&#039;\u00c9quipement Montr\u00e9al","potentialAction":[{"@type":"SearchAction","target":{"@type":"EntryPoint","urlTemplate":"https:\/\/www.locationgamma.com\/?s={search_term_string}"},"query-input":"required name=search_term_string"}],"inLanguage":"fr-FR"}]}},"_links":{"self":[{"href":"https:\/\/www.locationgamma.com\/fr\/wp-json\/wp\/v2\/pages\/3167"}],"collection":[{"href":"https:\/\/www.locationgamma.com\/fr\/wp-json\/wp\/v2\/pages"}],"about":[{"href":"https:\/\/www.locationgamma.com\/fr\/wp-json\/wp\/v2\/types\/page"}],"author":[{"embeddable":true,"href":"https:\/\/www.locationgamma.com\/fr\/wp-json\/wp\/v2\/users\/2"}],"replies":[{"embeddable":true,"href":"https:\/\/www.locationgamma.com\/fr\/wp-json\/wp\/v2\/comments?post=3167"}],"version-history":[{"count":6,"href":"https:\/\/www.locationgamma.com\/fr\/wp-json\/wp\/v2\/pages\/3167\/revisions"}],"predecessor-version":[{"id":8698,"href":"https:\/\/www.locationgamma.com\/fr\/wp-json\/wp\/v2\/pages\/3167\/revisions\/8698"}],"wp:featuredmedia":[{"embeddable":true,"href":"https:\/\/www.locationgamma.com\/fr\/wp-json\/wp\/v2\/media\/3402"}],"wp:attachment":[{"href":"https:\/\/www.locationgamma.com\/fr\/wp-json\/wp\/v2\/media?parent=3167"}],"curies":[{"name":"wp","href":"https:\/\/api.w.org\/{rel}","templated":true}]}}