{"id":3169,"date":"2013-12-06T19:22:17","date_gmt":"2013-12-06T19:22:17","guid":{"rendered":"http:\/\/www.locationgamma.com\/?page_id=3169"},"modified":"2014-02-20T15:21:17","modified_gmt":"2014-02-20T15:21:17","slug":"careers-fr","status":"publish","type":"page","link":"https:\/\/www.locationgamma.com\/fr\/careers-fr\/","title":{"rendered":"Carri\u00e8res"},"content":{"rendered":"<p>Nous sommes une industrie en t\u00eate du classement de professionnels pouvant apporter \u00e0 notre client\u00e8le un \u00e9quipement bien entretenu et de haute qualit\u00e9. Nous distinguons et appr\u00e9cions tous nos employ\u00e9s comme faisant une partie tr\u00e8s importante dans le d\u00e9veloppement de nos relations avec nos clients, ainsi qu\u2019\u00e0 l\u2019ouverture de nouvelles opportunit\u00e9s qui am\u00e8nent \u00e0 la croissance de notre compagnie.<\/p>\n<p>Les employ\u00e9s de diverses origines se sont joints \u00e0 notre \u00e9quipe et ils excellent dans leur carri\u00e8re. Pourquoi? Parce que chez Gamma on donne l\u2019opportunit\u00e9 de poursuivre un travail consid\u00e9rable dans un environnement consacr\u00e9 \u00e0 la bonne performance. Nous consid\u00e9rons que chaque personne a une place tr\u00e8s importante dans notre compagnie. Ainsi, afin qu\u2019ils atteignent leurs objectifs de performance, nous leur donnons les moyennes n\u00e9cessaires pour y arriver. Nous nous effor\u00e7ons d\u2019attirer et de retenir des employ\u00e9s en leur offrant des programmes attirants qui am\u00e8nent \u00e0 un environnement dynamique et professionnel.<\/p>\n<h2>Positions Disponible<\/h2>\n<p>&nbsp;<\/p>\n<h3>Pas de positions disponible<\/h3>\n","protected":false},"excerpt":{"rendered":"<p>Nous sommes une industrie en t\u00eate du classement de professionnels pouvant apporter \u00e0 notre client\u00e8le un \u00e9quipement bien <a class=\"moretag\" href=\"https:\/\/www.locationgamma.com\/fr\/careers-fr\/\">Read More<\/a><\/p>\n","protected":false},"author":2,"featured_media":0,"parent":0,"menu_order":0,"comment_status":"open","ping_status":"open","template":"page-careers.php","meta":{"_mi_skip_tracking":false},"acf":[],"yoast_head":"<!-- This site is optimized with the Yoast SEO plugin v19.9 - https:\/\/yoast.com\/wordpress\/plugins\/seo\/ -->\n<title>Carri\u00e8res - Gamma<\/title>\n<meta name=\"robots\" content=\"index, follow, max-snippet:-1, max-image-preview:large, max-video-preview:-1\" \/>\n<link rel=\"canonical\" href=\"https:\/\/www.locationgamma.com\/fr\/careers-fr\/\" \/>\n<meta property=\"og:locale\" content=\"fr_FR\" \/>\n<meta property=\"og:type\" content=\"article\" \/>\n<meta property=\"og:title\" content=\"Carri\u00e8res - Gamma\" \/>\n<meta property=\"og:description\" content=\"Nous sommes une industrie en t\u00eate du classement de professionnels pouvant apporter \u00e0 notre client\u00e8le un \u00e9quipement bien Read More\" \/>\n<meta property=\"og:url\" content=\"https:\/\/www.locationgamma.com\/fr\/careers-fr\/\" \/>\n<meta property=\"og:site_name\" content=\"Gamma\" \/>\n<meta property=\"article:modified_time\" content=\"2014-02-20T15:21:17+00:00\" \/>\n<meta name=\"twitter:label1\" content=\"Dur\u00e9e de lecture estim\u00e9e\" \/>\n\t<meta name=\"twitter:data1\" content=\"1 minute\" \/>\n<script type=\"application\/ld+json\" class=\"yoast-schema-graph\">{\"@context\":\"https:\/\/schema.org\",\"@graph\":[{\"@type\":\"WebPage\",\"@id\":\"https:\/\/www.locationgamma.com\/fr\/careers-fr\/\",\"url\":\"https:\/\/www.locationgamma.com\/fr\/careers-fr\/\",\"name\":\"Carri\u00e8res - Gamma\",\"isPartOf\":{\"@id\":\"https:\/\/www.locationgamma.com\/#website\"},\"datePublished\":\"2013-12-06T19:22:17+00:00\",\"dateModified\":\"2014-02-20T15:21:17+00:00\",\"breadcrumb\":{\"@id\":\"https:\/\/www.locationgamma.com\/fr\/careers-fr\/#breadcrumb\"},\"inLanguage\":\"fr-FR\",\"potentialAction\":[{\"@type\":\"ReadAction\",\"target\":[\"https:\/\/www.locationgamma.com\/fr\/careers-fr\/\"]}]},{\"@type\":\"BreadcrumbList\",\"@id\":\"https:\/\/www.locationgamma.com\/fr\/careers-fr\/#breadcrumb\",\"itemListElement\":[{\"@type\":\"ListItem\",\"position\":1,\"name\":\"Home\",\"item\":\"https:\/\/www.locationgamma.com\/fr\/\"},{\"@type\":\"ListItem\",\"position\":2,\"name\":\"Carri\u00e8res\"}]},{\"@type\":\"WebSite\",\"@id\":\"https:\/\/www.locationgamma.com\/#website\",\"url\":\"https:\/\/www.locationgamma.com\/\",\"name\":\"Gamma\",\"description\":\"Montreal Equipment Rental \u2022 Location d&#039;\u00c9quipement Montr\u00e9al\",\"potentialAction\":[{\"@type\":\"SearchAction\",\"target\":{\"@type\":\"EntryPoint\",\"urlTemplate\":\"https:\/\/www.locationgamma.com\/?s={search_term_string}\"},\"query-input\":\"required name=search_term_string\"}],\"inLanguage\":\"fr-FR\"}]}<\/script>\n<!-- \/ Yoast SEO plugin. -->","yoast_head_json":{"title":"Carri\u00e8res - Gamma","robots":{"index":"index","follow":"follow","max-snippet":"max-snippet:-1","max-image-preview":"max-image-preview:large","max-video-preview":"max-video-preview:-1"},"canonical":"https:\/\/www.locationgamma.com\/fr\/careers-fr\/","og_locale":"fr_FR","og_type":"article","og_title":"Carri\u00e8res - Gamma","og_description":"Nous sommes une industrie en t\u00eate du classement de professionnels pouvant apporter \u00e0 notre client\u00e8le un \u00e9quipement bien Read More","og_url":"https:\/\/www.locationgamma.com\/fr\/careers-fr\/","og_site_name":"Gamma","article_modified_time":"2014-02-20T15:21:17+00:00","twitter_misc":{"Dur\u00e9e de lecture estim\u00e9e":"1 minute"},"schema":{"@context":"https:\/\/schema.org","@graph":[{"@type":"WebPage","@id":"https:\/\/www.locationgamma.com\/fr\/careers-fr\/","url":"https:\/\/www.locationgamma.com\/fr\/careers-fr\/","name":"Carri\u00e8res - Gamma","isPartOf":{"@id":"https:\/\/www.locationgamma.com\/#website"},"datePublished":"2013-12-06T19:22:17+00:00","dateModified":"2014-02-20T15:21:17+00:00","breadcrumb":{"@id":"https:\/\/www.locationgamma.com\/fr\/careers-fr\/#breadcrumb"},"inLanguage":"fr-FR","potentialAction":[{"@type":"ReadAction","target":["https:\/\/www.locationgamma.com\/fr\/careers-fr\/"]}]},{"@type":"BreadcrumbList","@id":"https:\/\/www.locationgamma.com\/fr\/careers-fr\/#breadcrumb","itemListElement":[{"@type":"ListItem","position":1,"name":"Home","item":"https:\/\/www.locationgamma.com\/fr\/"},{"@type":"ListItem","position":2,"name":"Carri\u00e8res"}]},{"@type":"WebSite","@id":"https:\/\/www.locationgamma.com\/#website","url":"https:\/\/www.locationgamma.com\/","name":"Gamma","description":"Montreal Equipment Rental \u2022 Location d&#039;\u00c9quipement Montr\u00e9al","potentialAction":[{"@type":"SearchAction","target":{"@type":"EntryPoint","urlTemplate":"https:\/\/www.locationgamma.com\/?s={search_term_string}"},"query-input":"required name=search_term_string"}],"inLanguage":"fr-FR"}]}},"_links":{"self":[{"href":"https:\/\/www.locationgamma.com\/fr\/wp-json\/wp\/v2\/pages\/3169"}],"collection":[{"href":"https:\/\/www.locationgamma.com\/fr\/wp-json\/wp\/v2\/pages"}],"about":[{"href":"https:\/\/www.locationgamma.com\/fr\/wp-json\/wp\/v2\/types\/page"}],"author":[{"embeddable":true,"href":"https:\/\/www.locationgamma.com\/fr\/wp-json\/wp\/v2\/users\/2"}],"replies":[{"embeddable":true,"href":"https:\/\/www.locationgamma.com\/fr\/wp-json\/wp\/v2\/comments?post=3169"}],"version-history":[{"count":7,"href":"https:\/\/www.locationgamma.com\/fr\/wp-json\/wp\/v2\/pages\/3169\/revisions"}],"predecessor-version":[{"id":3407,"href":"https:\/\/www.locationgamma.com\/fr\/wp-json\/wp\/v2\/pages\/3169\/revisions\/3407"}],"wp:attachment":[{"href":"https:\/\/www.locationgamma.com\/fr\/wp-json\/wp\/v2\/media?parent=3169"}],"curies":[{"name":"wp","href":"https:\/\/api.w.org\/{rel}","templated":true}]}}