{"id":3171,"date":"2013-12-06T19:22:46","date_gmt":"2013-12-06T19:22:46","guid":{"rendered":"http:\/\/www.locationgamma.com\/?page_id=3171"},"modified":"2025-06-19T12:23:48","modified_gmt":"2025-06-19T16:23:48","slug":"contact-us-fr","status":"publish","type":"page","link":"https:\/\/www.locationgamma.com\/fr\/contact-us-fr\/","title":{"rendered":"Contactez-nous"},"content":{"rendered":"<div class=\"form\"><div role=\"form\" class=\"wpcf7\" id=\"wpcf7-f3528-o1\" lang=\"en-US\" dir=\"ltr\">\n<div class=\"screen-reader-response\"><p role=\"status\" aria-live=\"polite\" aria-atomic=\"true\"><\/p> <ul><\/ul><\/div>\n<form action=\"\/fr\/wp-json\/wp\/v2\/pages\/3171#wpcf7-f3528-o1\" method=\"post\" class=\"wpcf7-form init\" novalidate=\"novalidate\" data-status=\"init\">\n<div style=\"display: none;\">\n<input type=\"hidden\" name=\"_wpcf7\" value=\"3528\" \/>\n<input type=\"hidden\" name=\"_wpcf7_version\" value=\"5.6.4\" \/>\n<input type=\"hidden\" name=\"_wpcf7_locale\" value=\"en_US\" \/>\n<input type=\"hidden\" name=\"_wpcf7_unit_tag\" value=\"wpcf7-f3528-o1\" \/>\n<input type=\"hidden\" name=\"_wpcf7_container_post\" value=\"0\" \/>\n<input type=\"hidden\" name=\"_wpcf7_posted_data_hash\" value=\"\" \/>\n<input type=\"hidden\" name=\"_wpcf7_recaptcha_response\" value=\"\" \/>\n<\/div>\n<p><span class=\"wpcf7-form-control-wrap\" data-name=\"sender\"><input type=\"text\" name=\"sender\" value=\"\" size=\"40\" class=\"wpcf7-form-control wpcf7-text wpcf7-validates-as-required\" aria-required=\"true\" aria-invalid=\"false\" placeholder=\"Nom\" \/><\/span><\/p>\n<p><span class=\"wpcf7-form-control-wrap\" data-name=\"email\"><input type=\"email\" name=\"email\" value=\"\" size=\"40\" class=\"wpcf7-form-control wpcf7-text wpcf7-email wpcf7-validates-as-required wpcf7-validates-as-email\" aria-required=\"true\" aria-invalid=\"false\" placeholder=\"Courriel\" \/><\/span><\/p>\n<p><span class=\"wpcf7-form-control-wrap\" data-name=\"message\"><textarea name=\"message\" cols=\"40\" rows=\"10\" class=\"wpcf7-form-control wpcf7-textarea\" aria-invalid=\"false\" placeholder=\"Notes\"><\/textarea><\/span><\/p>\n<p><input type=\"submit\" value=\"Soumettre\" class=\"wpcf7-form-control has-spinner wpcf7-submit\" \/><\/p>\n<div class=\"wpcf7-response-output\" aria-hidden=\"true\"><\/div><\/form><\/div><\/div>\n<h1>Contact<\/h1>\n<p><a title=\"Email Gamma\" href=\"mailto:info@locationgamma.com\">Envoyez un courriel \u2192<\/a><\/p>\n<p><strong>Service \u00e0 la Client\u00e8le<br \/>\n<\/strong>Pour mieux vous servir, Nous am\u00e9liorons constamment nos services et nos produits. Laissez-nous vos suggestions.<\/p>\n<p><strong>Vente d\u2019\u00e9quipement d\u2019occasion<br \/>\n<\/strong>Avez-vous des questions sur la location ou la vente d\u2019\u00e9quipements?\u00a0<a href=\"mailto:info@locationgamma.com?subject=Used%20Equipment%20sales\">Envoyer un courriel<\/a>\u00a0ou appelez 514-481-5631.<\/p>\n<p><strong>D\u00e9partement de cr\u00e9dit<br \/>\n<\/strong>Avez-vous besoin d\u2019information sur votre compte de cr\u00e9dit <a href=\"mailto:admin@locationgamma.com?subject=Credit%20Department\">envoyez-nous un courriel<\/a><\/p>\n<p><a href=\"https:\/\/www.locationgamma.com\/wp-content\/uploads\/2025\/06\/applicationcredit_fr.pdf\">Demandez un nouveau compte\u00a0<\/a><a title=\"Email Gamma\" href=\"mailto:info@locationgamma.com\">\u2192<\/a><\/p>\n","protected":false},"excerpt":{"rendered":"<p>Contact Envoyez un courriel \u2192 Service \u00e0 la Client\u00e8le Pour mieux vous servir, Nous am\u00e9liorons constamment nos services <a class=\"moretag\" href=\"https:\/\/www.locationgamma.com\/fr\/contact-us-fr\/\">Read More<\/a><\/p>\n","protected":false},"author":2,"featured_media":0,"parent":0,"menu_order":0,"comment_status":"closed","ping_status":"closed","template":"page-contact.php","meta":{"_mi_skip_tracking":false},"acf":[],"yoast_head":"<!-- This site is optimized with the Yoast SEO plugin v19.9 - https:\/\/yoast.com\/wordpress\/plugins\/seo\/ -->\n<title>Contactez-nous - Gamma<\/title>\n<meta name=\"robots\" content=\"index, follow, max-snippet:-1, max-image-preview:large, max-video-preview:-1\" \/>\n<link rel=\"canonical\" href=\"https:\/\/www.locationgamma.com\/fr\/contact-us-fr\/\" \/>\n<meta property=\"og:locale\" content=\"fr_FR\" \/>\n<meta property=\"og:type\" content=\"article\" \/>\n<meta property=\"og:title\" content=\"Contactez-nous - Gamma\" \/>\n<meta property=\"og:description\" content=\"Contact Envoyez un courriel \u2192 Service \u00e0 la Client\u00e8le Pour mieux vous servir, Nous am\u00e9liorons constamment nos services Read More\" \/>\n<meta property=\"og:url\" content=\"https:\/\/www.locationgamma.com\/fr\/contact-us-fr\/\" \/>\n<meta property=\"og:site_name\" content=\"Gamma\" \/>\n<meta property=\"article:modified_time\" content=\"2025-06-19T16:23:48+00:00\" \/>\n<meta name=\"twitter:label1\" content=\"Dur\u00e9e de lecture estim\u00e9e\" \/>\n\t<meta name=\"twitter:data1\" content=\"1 minute\" \/>\n<script type=\"application\/ld+json\" class=\"yoast-schema-graph\">{\"@context\":\"https:\/\/schema.org\",\"@graph\":[{\"@type\":\"WebPage\",\"@id\":\"https:\/\/www.locationgamma.com\/fr\/contact-us-fr\/\",\"url\":\"https:\/\/www.locationgamma.com\/fr\/contact-us-fr\/\",\"name\":\"Contactez-nous - Gamma\",\"isPartOf\":{\"@id\":\"https:\/\/www.locationgamma.com\/#website\"},\"datePublished\":\"2013-12-06T19:22:46+00:00\",\"dateModified\":\"2025-06-19T16:23:48+00:00\",\"breadcrumb\":{\"@id\":\"https:\/\/www.locationgamma.com\/fr\/contact-us-fr\/#breadcrumb\"},\"inLanguage\":\"fr-FR\",\"potentialAction\":[{\"@type\":\"ReadAction\",\"target\":[\"https:\/\/www.locationgamma.com\/fr\/contact-us-fr\/\"]}]},{\"@type\":\"BreadcrumbList\",\"@id\":\"https:\/\/www.locationgamma.com\/fr\/contact-us-fr\/#breadcrumb\",\"itemListElement\":[{\"@type\":\"ListItem\",\"position\":1,\"name\":\"Home\",\"item\":\"https:\/\/www.locationgamma.com\/fr\/\"},{\"@type\":\"ListItem\",\"position\":2,\"name\":\"Contactez-nous\"}]},{\"@type\":\"WebSite\",\"@id\":\"https:\/\/www.locationgamma.com\/#website\",\"url\":\"https:\/\/www.locationgamma.com\/\",\"name\":\"Gamma\",\"description\":\"Montreal Equipment Rental \u2022 Location d&#039;\u00c9quipement Montr\u00e9al\",\"potentialAction\":[{\"@type\":\"SearchAction\",\"target\":{\"@type\":\"EntryPoint\",\"urlTemplate\":\"https:\/\/www.locationgamma.com\/?s={search_term_string}\"},\"query-input\":\"required name=search_term_string\"}],\"inLanguage\":\"fr-FR\"}]}<\/script>\n<!-- \/ Yoast SEO plugin. -->","yoast_head_json":{"title":"Contactez-nous - Gamma","robots":{"index":"index","follow":"follow","max-snippet":"max-snippet:-1","max-image-preview":"max-image-preview:large","max-video-preview":"max-video-preview:-1"},"canonical":"https:\/\/www.locationgamma.com\/fr\/contact-us-fr\/","og_locale":"fr_FR","og_type":"article","og_title":"Contactez-nous - Gamma","og_description":"Contact Envoyez un courriel \u2192 Service \u00e0 la Client\u00e8le Pour mieux vous servir, Nous am\u00e9liorons constamment nos services Read More","og_url":"https:\/\/www.locationgamma.com\/fr\/contact-us-fr\/","og_site_name":"Gamma","article_modified_time":"2025-06-19T16:23:48+00:00","twitter_misc":{"Dur\u00e9e de lecture estim\u00e9e":"1 minute"},"schema":{"@context":"https:\/\/schema.org","@graph":[{"@type":"WebPage","@id":"https:\/\/www.locationgamma.com\/fr\/contact-us-fr\/","url":"https:\/\/www.locationgamma.com\/fr\/contact-us-fr\/","name":"Contactez-nous - Gamma","isPartOf":{"@id":"https:\/\/www.locationgamma.com\/#website"},"datePublished":"2013-12-06T19:22:46+00:00","dateModified":"2025-06-19T16:23:48+00:00","breadcrumb":{"@id":"https:\/\/www.locationgamma.com\/fr\/contact-us-fr\/#breadcrumb"},"inLanguage":"fr-FR","potentialAction":[{"@type":"ReadAction","target":["https:\/\/www.locationgamma.com\/fr\/contact-us-fr\/"]}]},{"@type":"BreadcrumbList","@id":"https:\/\/www.locationgamma.com\/fr\/contact-us-fr\/#breadcrumb","itemListElement":[{"@type":"ListItem","position":1,"name":"Home","item":"https:\/\/www.locationgamma.com\/fr\/"},{"@type":"ListItem","position":2,"name":"Contactez-nous"}]},{"@type":"WebSite","@id":"https:\/\/www.locationgamma.com\/#website","url":"https:\/\/www.locationgamma.com\/","name":"Gamma","description":"Montreal Equipment Rental \u2022 Location d&#039;\u00c9quipement Montr\u00e9al","potentialAction":[{"@type":"SearchAction","target":{"@type":"EntryPoint","urlTemplate":"https:\/\/www.locationgamma.com\/?s={search_term_string}"},"query-input":"required name=search_term_string"}],"inLanguage":"fr-FR"}]}},"_links":{"self":[{"href":"https:\/\/www.locationgamma.com\/fr\/wp-json\/wp\/v2\/pages\/3171"}],"collection":[{"href":"https:\/\/www.locationgamma.com\/fr\/wp-json\/wp\/v2\/pages"}],"about":[{"href":"https:\/\/www.locationgamma.com\/fr\/wp-json\/wp\/v2\/types\/page"}],"author":[{"embeddable":true,"href":"https:\/\/www.locationgamma.com\/fr\/wp-json\/wp\/v2\/users\/2"}],"replies":[{"embeddable":true,"href":"https:\/\/www.locationgamma.com\/fr\/wp-json\/wp\/v2\/comments?post=3171"}],"version-history":[{"count":15,"href":"https:\/\/www.locationgamma.com\/fr\/wp-json\/wp\/v2\/pages\/3171\/revisions"}],"predecessor-version":[{"id":9090,"href":"https:\/\/www.locationgamma.com\/fr\/wp-json\/wp\/v2\/pages\/3171\/revisions\/9090"}],"wp:attachment":[{"href":"https:\/\/www.locationgamma.com\/fr\/wp-json\/wp\/v2\/media?parent=3171"}],"curies":[{"name":"wp","href":"https:\/\/api.w.org\/{rel}","templated":true}]}}