{"id":3173,"date":"2013-12-06T19:23:12","date_gmt":"2013-12-06T19:23:12","guid":{"rendered":"http:\/\/www.locationgamma.com\/?page_id=3173"},"modified":"2025-10-31T15:01:21","modified_gmt":"2025-10-31T19:01:21","slug":"home-fr","status":"publish","type":"page","link":"https:\/\/www.locationgamma.com\/fr\/","title":{"rendered":"Accueil"},"content":{"rendered":"<p><img loading=\"lazy\" class=\"sale-banner alignnone wp-image-9103 size-full\" src=\"https:\/\/www.locationgamma.com\/wp-content\/uploads\/2025\/10\/BBQ-OFF-SEASON-SALE-FR.png\" alt=\"\" width=\"1200\" height=\"628\" \/><\/p>\n<div class=\"slider-wrapper theme-default\"><div class=\"ribbon\"><\/div><div id=\"nivoslider-5377\" class=\"nivoSlider\"><a href=\"http:\/\/www.stihldealers.ca\/go.aspx\/35483470773779344a36453d\/?Lang=fr\"><img src=\"https:\/\/www.locationgamma.com\/wp-content\/uploads\/2015\/08\/Stihl-French.jpg\" alt=\"\" \/><\/a><a href=\"http:\/\/francais.napoleongrills.com\"><img src=\"https:\/\/www.locationgamma.com\/wp-content\/uploads\/2016\/02\/napoleon-logos-4c-standard.jpg\" alt=\"\" \/><\/a><\/div><\/div><script type=\"text\/javascript\">\njQuery(window).load(function(){\n    jQuery(\"#nivoslider-5377\").nivoSlider({\n        effect:\"random\",\n        slices:15,\n        boxCols:8,\n        boxRows:4,\n        animSpeed:500,\n        pauseTime:3000,\n        startSlide:0,\n        directionNav:true,\n        directionNavHide:true,\n        controlNav:true,\n        controlNavThumbs:false,\n        pauseOnHover:true,\n        manualAdvance:false\n    });\n});\n<\/script>\n\n","protected":false},"excerpt":{"rendered":"","protected":false},"author":2,"featured_media":0,"parent":0,"menu_order":0,"comment_status":"open","ping_status":"open","template":"","meta":{"_mi_skip_tracking":false},"acf":[],"yoast_head":"<!-- This site is optimized with the Yoast SEO plugin v19.9 - https:\/\/yoast.com\/wordpress\/plugins\/seo\/ -->\n<title>Location Gamma - Location d&#039;\u00c9quipements et Outils<\/title>\n<meta name=\"description\" content=\"Location Gamma est un compagnie pour location d&#039;outils et location de mat\u00e9riel de service en Montr\u00e9al. Plates-formes , l&#039;am\u00e9nagement paysager et l&#039;hiver .\" \/>\n<meta name=\"robots\" content=\"index, follow, max-snippet:-1, max-image-preview:large, max-video-preview:-1\" \/>\n<link rel=\"canonical\" href=\"https:\/\/www.locationgamma.com\/fr\/\" \/>\n<meta property=\"og:locale\" content=\"fr_FR\" \/>\n<meta property=\"og:type\" content=\"article\" \/>\n<meta property=\"og:title\" content=\"Location Gamma - Location d&#039;\u00c9quipements et Outils\" \/>\n<meta property=\"og:description\" content=\"Location Gamma est un compagnie pour location d&#039;outils et location de mat\u00e9riel de service en Montr\u00e9al. Plates-formes , l&#039;am\u00e9nagement paysager et l&#039;hiver .\" \/>\n<meta property=\"og:url\" content=\"https:\/\/www.locationgamma.com\/fr\/\" \/>\n<meta property=\"og:site_name\" content=\"Gamma\" \/>\n<meta property=\"article:modified_time\" content=\"2025-10-31T19:01:21+00:00\" \/>\n<meta property=\"og:image\" content=\"https:\/\/www.locationgamma.com\/wp-content\/uploads\/2025\/10\/BBQ-OFF-SEASON-SALE-FR.png\" \/>\n<meta name=\"twitter:label1\" content=\"Dur\u00e9e de lecture estim\u00e9e\" \/>\n\t<meta name=\"twitter:data1\" content=\"1 minute\" \/>\n<script type=\"application\/ld+json\" class=\"yoast-schema-graph\">{\"@context\":\"https:\/\/schema.org\",\"@graph\":[{\"@type\":\"WebPage\",\"@id\":\"https:\/\/www.locationgamma.com\/fr\/\",\"url\":\"https:\/\/www.locationgamma.com\/fr\/\",\"name\":\"Location Gamma - Location d'\u00c9quipements et Outils\",\"isPartOf\":{\"@id\":\"https:\/\/www.locationgamma.com\/#website\"},\"datePublished\":\"2013-12-06T19:23:12+00:00\",\"dateModified\":\"2025-10-31T19:01:21+00:00\",\"description\":\"Location Gamma est un compagnie pour location d'outils et location de mat\u00e9riel de service en Montr\u00e9al. Plates-formes , l'am\u00e9nagement paysager et l'hiver .\",\"breadcrumb\":{\"@id\":\"https:\/\/www.locationgamma.com\/fr\/#breadcrumb\"},\"inLanguage\":\"fr-FR\",\"potentialAction\":[{\"@type\":\"ReadAction\",\"target\":[\"https:\/\/www.locationgamma.com\/fr\/\"]}]},{\"@type\":\"BreadcrumbList\",\"@id\":\"https:\/\/www.locationgamma.com\/fr\/#breadcrumb\",\"itemListElement\":[{\"@type\":\"ListItem\",\"position\":1,\"name\":\"Home\",\"item\":\"https:\/\/www.locationgamma.com\/fr\/\"},{\"@type\":\"ListItem\",\"position\":2,\"name\":\"Accueil\"}]},{\"@type\":\"WebSite\",\"@id\":\"https:\/\/www.locationgamma.com\/#website\",\"url\":\"https:\/\/www.locationgamma.com\/\",\"name\":\"Gamma\",\"description\":\"Montreal Equipment Rental \u2022 Location d&#039;\u00c9quipement Montr\u00e9al\",\"potentialAction\":[{\"@type\":\"SearchAction\",\"target\":{\"@type\":\"EntryPoint\",\"urlTemplate\":\"https:\/\/www.locationgamma.com\/?s={search_term_string}\"},\"query-input\":\"required name=search_term_string\"}],\"inLanguage\":\"fr-FR\"}]}<\/script>\n<!-- \/ Yoast SEO plugin. -->","yoast_head_json":{"title":"Location Gamma - Location d'\u00c9quipements et Outils","description":"Location Gamma est un compagnie pour location d'outils et location de mat\u00e9riel de service en Montr\u00e9al. Plates-formes , l'am\u00e9nagement paysager et l'hiver .","robots":{"index":"index","follow":"follow","max-snippet":"max-snippet:-1","max-image-preview":"max-image-preview:large","max-video-preview":"max-video-preview:-1"},"canonical":"https:\/\/www.locationgamma.com\/fr\/","og_locale":"fr_FR","og_type":"article","og_title":"Location Gamma - Location d'\u00c9quipements et Outils","og_description":"Location Gamma est un compagnie pour location d'outils et location de mat\u00e9riel de service en Montr\u00e9al. Plates-formes , l'am\u00e9nagement paysager et l'hiver .","og_url":"https:\/\/www.locationgamma.com\/fr\/","og_site_name":"Gamma","article_modified_time":"2025-10-31T19:01:21+00:00","og_image":[{"url":"https:\/\/www.locationgamma.com\/wp-content\/uploads\/2025\/10\/BBQ-OFF-SEASON-SALE-FR.png"}],"twitter_misc":{"Dur\u00e9e de lecture estim\u00e9e":"1 minute"},"schema":{"@context":"https:\/\/schema.org","@graph":[{"@type":"WebPage","@id":"https:\/\/www.locationgamma.com\/fr\/","url":"https:\/\/www.locationgamma.com\/fr\/","name":"Location Gamma - Location d'\u00c9quipements et Outils","isPartOf":{"@id":"https:\/\/www.locationgamma.com\/#website"},"datePublished":"2013-12-06T19:23:12+00:00","dateModified":"2025-10-31T19:01:21+00:00","description":"Location Gamma est un compagnie pour location d'outils et location de mat\u00e9riel de service en Montr\u00e9al. Plates-formes , l'am\u00e9nagement paysager et l'hiver .","breadcrumb":{"@id":"https:\/\/www.locationgamma.com\/fr\/#breadcrumb"},"inLanguage":"fr-FR","potentialAction":[{"@type":"ReadAction","target":["https:\/\/www.locationgamma.com\/fr\/"]}]},{"@type":"BreadcrumbList","@id":"https:\/\/www.locationgamma.com\/fr\/#breadcrumb","itemListElement":[{"@type":"ListItem","position":1,"name":"Home","item":"https:\/\/www.locationgamma.com\/fr\/"},{"@type":"ListItem","position":2,"name":"Accueil"}]},{"@type":"WebSite","@id":"https:\/\/www.locationgamma.com\/#website","url":"https:\/\/www.locationgamma.com\/","name":"Gamma","description":"Montreal Equipment Rental \u2022 Location d&#039;\u00c9quipement Montr\u00e9al","potentialAction":[{"@type":"SearchAction","target":{"@type":"EntryPoint","urlTemplate":"https:\/\/www.locationgamma.com\/?s={search_term_string}"},"query-input":"required name=search_term_string"}],"inLanguage":"fr-FR"}]}},"_links":{"self":[{"href":"https:\/\/www.locationgamma.com\/fr\/wp-json\/wp\/v2\/pages\/3173"}],"collection":[{"href":"https:\/\/www.locationgamma.com\/fr\/wp-json\/wp\/v2\/pages"}],"about":[{"href":"https:\/\/www.locationgamma.com\/fr\/wp-json\/wp\/v2\/types\/page"}],"author":[{"embeddable":true,"href":"https:\/\/www.locationgamma.com\/fr\/wp-json\/wp\/v2\/users\/2"}],"replies":[{"embeddable":true,"href":"https:\/\/www.locationgamma.com\/fr\/wp-json\/wp\/v2\/comments?post=3173"}],"version-history":[{"count":17,"href":"https:\/\/www.locationgamma.com\/fr\/wp-json\/wp\/v2\/pages\/3173\/revisions"}],"predecessor-version":[{"id":9106,"href":"https:\/\/www.locationgamma.com\/fr\/wp-json\/wp\/v2\/pages\/3173\/revisions\/9106"}],"wp:attachment":[{"href":"https:\/\/www.locationgamma.com\/fr\/wp-json\/wp\/v2\/media?parent=3173"}],"curies":[{"name":"wp","href":"https:\/\/api.w.org\/{rel}","templated":true}]}}